{"id":3019,"date":"2026-03-09T16:34:25","date_gmt":"2026-03-09T15:34:25","guid":{"rendered":"https:\/\/www.agricolalolmo.it\/?post_type=product&#038;p=3019"},"modified":"2026-03-09T16:36:12","modified_gmt":"2026-03-09T15:36:12","slug":"box-mista-farine-di-grani-antichi-tipo-1-e-tipo-2","status":"publish","type":"product","link":"https:\/\/www.agricolalolmo.it\/it\/prodotto\/box-mista-farine-di-grani-antichi-tipo-1-e-tipo-2\/","title":{"rendered":"Box Mista Farine di Grani Antichi \u2013 Tipo 1 e Tipo 2"},"content":{"rendered":"<p data-start=\"59\" data-end=\"401\"><strong>Dall\u2019unione delle nostre farine di grani antichi nasce questa box mista<\/strong> che racchiude una selezione autentica del nostro lavoro nei campi. Le variet\u00e0 di grani italiani vengono coltivate con cura e macinate a pietra, nel rispetto della materia prima e dei ritmi della natura, per preservare profumi, gusto e le parti pi\u00f9 preziose del chicco.<\/p>\n<p data-start=\"403\" data-end=\"779\">La <strong>farina di tipo 1, pi\u00f9 versatile e delicata<\/strong>, e la <strong>farina di tipo 2, dal carattere pi\u00f9 rustico e ricco di fibre<\/strong>, si completano a vicenda offrendo diverse possibilit\u00e0 in cucina. Ideale per chi ama sperimentare tra pane fragrante, pasta fresca e dolci fatti in casa, questa box \u00e8 pensata per portare in tavola tutta la genuinit\u00e0 e il sapore autentico delle farine tradizionali.<\/p>\n","protected":false},"excerpt":{"rendered":"<p>Dall\u2019unione delle nostre farine di grani antichi nasce questa box mista che racchiude una selezione autentica del nostro lavoro nei [&hellip;]<\/p>\n","protected":false},"featured_media":3021,"comment_status":"open","ping_status":"closed","template":"","meta":{"site-sidebar-layout":"default","site-content-layout":"","ast-site-content-layout":"default","site-content-style":"default","site-sidebar-style":"default","ast-global-header-display":"","ast-banner-title-visibility":"","ast-main-header-display":"","ast-hfb-above-header-display":"","ast-hfb-below-header-display":"","ast-hfb-mobile-header-display":"","site-post-title":"","ast-breadcrumbs-content":"","ast-featured-img":"","footer-sml-layout":"","ast-disable-related-posts":"","theme-transparent-header-meta":"default","adv-header-id-meta":"","stick-header-meta":"","header-above-stick-meta":"","header-main-stick-meta":"","header-below-stick-meta":"","astra-migrate-meta-layouts":"set","ast-page-background-enabled":"default","ast-page-background-meta":{"desktop":{"background-color":"var(--ast-global-color-4)","background-image":"","background-repeat":"repeat","background-position":"center center","background-size":"auto","background-attachment":"scroll","background-type":"","background-media":"","overlay-type":"","overlay-color":"","overlay-opacity":"","overlay-gradient":""},"tablet":{"background-color":"","background-image":"","background-repeat":"repeat","background-position":"center center","background-size":"auto","background-attachment":"scroll","background-type":"","background-media":"","overlay-type":"","overlay-color":"","overlay-opacity":"","overlay-gradient":""},"mobile":{"background-color":"","background-image":"","background-repeat":"repeat","background-position":"center center","background-size":"auto","background-attachment":"scroll","background-type":"","background-media":"","overlay-type":"","overlay-color":"","overlay-opacity":"","overlay-gradient":""}},"ast-content-background-meta":{"desktop":{"background-color":"var(--ast-global-color-5)","background-image":"","background-repeat":"repeat","background-position":"center center","background-size":"auto","background-attachment":"scroll","background-type":"","background-media":"","overlay-type":"","overlay-color":"","overlay-opacity":"","overlay-gradient":""},"tablet":{"background-color":"var(--ast-global-color-5)","background-image":"","background-repeat":"repeat","background-position":"center center","background-size":"auto","background-attachment":"scroll","background-type":"","background-media":"","overlay-type":"","overlay-color":"","overlay-opacity":"","overlay-gradient":""},"mobile":{"background-color":"var(--ast-global-color-5)","background-image":"","background-repeat":"repeat","background-position":"center center","background-size":"auto","background-attachment":"scroll","background-type":"","background-media":"","overlay-type":"","overlay-color":"","overlay-opacity":"","overlay-gradient":""}}},"product_brand":[],"product_cat":[38],"product_tag":[],"class_list":{"0":"post-3019","1":"product","2":"type-product","3":"status-publish","4":"has-post-thumbnail","6":"product_cat-farine","7":"desktop-align-left","8":"tablet-align-left","9":"mobile-align-left","11":"first","12":"instock","13":"shipping-taxable","14":"purchasable","15":"product-type-variable","16":"has-default-attributes"},"yoast_head":"<!-- This site is optimized with the Yoast SEO plugin v27.1.1 - https:\/\/yoast.com\/product\/yoast-seo-wordpress\/ -->\n<title>Box Mista Farine di Grani Antichi Tipo 1 e Tipo 2 | Agricola L\u2019Olmo<\/title>\n<meta name=\"description\" content=\"Box mista con farine di grani antichi tipo 1 e tipo 2 macinate a pietra. Ideali per pane, pasta fresca e dolci dal gusto autentico. Scopri Agricola L\u2019Olmo.\" \/>\n<meta name=\"robots\" content=\"index, follow, max-snippet:-1, max-image-preview:large, max-video-preview:-1\" \/>\n<link rel=\"canonical\" href=\"https:\/\/www.agricolalolmo.it\/it\/prodotto\/box-mista-farine-di-grani-antichi-tipo-1-e-tipo-2\/\" \/>\n<meta property=\"og:locale\" content=\"it_IT\" \/>\n<meta property=\"og:type\" content=\"article\" \/>\n<meta property=\"og:title\" content=\"Box Mista Farine di Grani Antichi Tipo 1 e Tipo 2 | Agricola L\u2019Olmo\" \/>\n<meta property=\"og:description\" content=\"Box mista con farine di grani antichi tipo 1 e tipo 2 macinate a pietra. Ideali per pane, pasta fresca e dolci dal gusto autentico. Scopri Agricola L\u2019Olmo.\" \/>\n<meta property=\"og:url\" content=\"https:\/\/www.agricolalolmo.it\/it\/prodotto\/box-mista-farine-di-grani-antichi-tipo-1-e-tipo-2\/\" \/>\n<meta property=\"og:site_name\" content=\"Agricola l&#039;olmo\" \/>\n<meta property=\"article:modified_time\" content=\"2026-03-09T15:36:12+00:00\" \/>\n<meta property=\"og:image\" content=\"https:\/\/www.agricolalolmo.it\/wp-content\/uploads\/2026\/03\/box-farina-tipo-1-2.jpg\" \/>\n\t<meta property=\"og:image:width\" content=\"800\" \/>\n\t<meta property=\"og:image:height\" content=\"800\" \/>\n\t<meta property=\"og:image:type\" content=\"image\/jpeg\" \/>\n<meta name=\"twitter:card\" content=\"summary_large_image\" \/>\n<meta name=\"twitter:label1\" content=\"Tempo di lettura stimato\" \/>\n\t<meta name=\"twitter:data1\" content=\"1 minuto\" \/>\n<script type=\"application\/ld+json\" class=\"yoast-schema-graph\">{\"@context\":\"https:\/\/schema.org\",\"@graph\":[{\"@type\":\"WebPage\",\"@id\":\"https:\/\/www.agricolalolmo.it\/prodotto\/box-mista-farine-di-grani-antichi-tipo-1-e-tipo-2\/\",\"url\":\"https:\/\/www.agricolalolmo.it\/prodotto\/box-mista-farine-di-grani-antichi-tipo-1-e-tipo-2\/\",\"name\":\"Box Mista Farine di Grani Antichi Tipo 1 e Tipo 2 | Agricola L\u2019Olmo\",\"isPartOf\":{\"@id\":\"https:\/\/www.agricolalolmo.it\/#website\"},\"primaryImageOfPage\":{\"@id\":\"https:\/\/www.agricolalolmo.it\/prodotto\/box-mista-farine-di-grani-antichi-tipo-1-e-tipo-2\/#primaryimage\"},\"image\":{\"@id\":\"https:\/\/www.agricolalolmo.it\/prodotto\/box-mista-farine-di-grani-antichi-tipo-1-e-tipo-2\/#primaryimage\"},\"thumbnailUrl\":\"https:\/\/www.agricolalolmo.it\/wp-content\/uploads\/2026\/03\/box-farina-tipo-1-2.jpg\",\"datePublished\":\"2026-03-09T15:34:25+00:00\",\"dateModified\":\"2026-03-09T15:36:12+00:00\",\"description\":\"Box mista con farine di grani antichi tipo 1 e tipo 2 macinate a pietra. Ideali per pane, pasta fresca e dolci dal gusto autentico. Scopri Agricola L\u2019Olmo.\",\"breadcrumb\":{\"@id\":\"https:\/\/www.agricolalolmo.it\/prodotto\/box-mista-farine-di-grani-antichi-tipo-1-e-tipo-2\/#breadcrumb\"},\"inLanguage\":\"it-IT\",\"potentialAction\":[{\"@type\":\"ReadAction\",\"target\":[\"https:\/\/www.agricolalolmo.it\/prodotto\/box-mista-farine-di-grani-antichi-tipo-1-e-tipo-2\/\"]}]},{\"@type\":\"ImageObject\",\"inLanguage\":\"it-IT\",\"@id\":\"https:\/\/www.agricolalolmo.it\/prodotto\/box-mista-farine-di-grani-antichi-tipo-1-e-tipo-2\/#primaryimage\",\"url\":\"https:\/\/www.agricolalolmo.it\/wp-content\/uploads\/2026\/03\/box-farina-tipo-1-2.jpg\",\"contentUrl\":\"https:\/\/www.agricolalolmo.it\/wp-content\/uploads\/2026\/03\/box-farina-tipo-1-2.jpg\",\"width\":800,\"height\":800,\"caption\":\"Box Farina Tipo 1 & 2: Agricola l'Olmo\"},{\"@type\":\"BreadcrumbList\",\"@id\":\"https:\/\/www.agricolalolmo.it\/prodotto\/box-mista-farine-di-grani-antichi-tipo-1-e-tipo-2\/#breadcrumb\",\"itemListElement\":[{\"@type\":\"ListItem\",\"position\":1,\"name\":\"Home\",\"item\":\"https:\/\/www.agricolalolmo.it\/\"},{\"@type\":\"ListItem\",\"position\":2,\"name\":\"Prodotti\",\"item\":\"https:\/\/www.agricolalolmo.it\/shop\/\"},{\"@type\":\"ListItem\",\"position\":3,\"name\":\"Box Mista Farine di Grani Antichi \u2013 Tipo 1 e Tipo 2\"}]},{\"@type\":\"WebSite\",\"@id\":\"https:\/\/www.agricolalolmo.it\/#website\",\"url\":\"https:\/\/www.agricolalolmo.it\/\",\"name\":\"Agricola l'Olmo\",\"description\":\"Produttori per natura\",\"publisher\":{\"@id\":\"https:\/\/www.agricolalolmo.it\/#organization\"},\"potentialAction\":[{\"@type\":\"SearchAction\",\"target\":{\"@type\":\"EntryPoint\",\"urlTemplate\":\"https:\/\/www.agricolalolmo.it\/?s={search_term_string}\"},\"query-input\":{\"@type\":\"PropertyValueSpecification\",\"valueRequired\":true,\"valueName\":\"search_term_string\"}}],\"inLanguage\":\"it-IT\"},{\"@type\":\"Organization\",\"@id\":\"https:\/\/www.agricolalolmo.it\/#organization\",\"name\":\"Agricola l'Olmo\",\"url\":\"https:\/\/www.agricolalolmo.it\/\",\"logo\":{\"@type\":\"ImageObject\",\"inLanguage\":\"it-IT\",\"@id\":\"https:\/\/www.agricolalolmo.it\/#\/schema\/logo\/image\/\",\"url\":\"https:\/\/www.agricolalolmo.it\/wp-content\/uploads\/2025\/04\/logo-positivo.png\",\"contentUrl\":\"https:\/\/www.agricolalolmo.it\/wp-content\/uploads\/2025\/04\/logo-positivo.png\",\"width\":2910,\"height\":1114,\"caption\":\"Agricola l'Olmo\"},\"image\":{\"@id\":\"https:\/\/www.agricolalolmo.it\/#\/schema\/logo\/image\/\"}}]}<\/script>\n<!-- \/ Yoast SEO plugin. -->","yoast_head_json":{"title":"Box Mista Farine di Grani Antichi Tipo 1 e Tipo 2 | Agricola L\u2019Olmo","description":"Box mista con farine di grani antichi tipo 1 e tipo 2 macinate a pietra. Ideali per pane, pasta fresca e dolci dal gusto autentico. Scopri Agricola L\u2019Olmo.","robots":{"index":"index","follow":"follow","max-snippet":"max-snippet:-1","max-image-preview":"max-image-preview:large","max-video-preview":"max-video-preview:-1"},"canonical":"https:\/\/www.agricolalolmo.it\/it\/prodotto\/box-mista-farine-di-grani-antichi-tipo-1-e-tipo-2\/","og_locale":"it_IT","og_type":"article","og_title":"Box Mista Farine di Grani Antichi Tipo 1 e Tipo 2 | Agricola L\u2019Olmo","og_description":"Box mista con farine di grani antichi tipo 1 e tipo 2 macinate a pietra. Ideali per pane, pasta fresca e dolci dal gusto autentico. Scopri Agricola L\u2019Olmo.","og_url":"https:\/\/www.agricolalolmo.it\/it\/prodotto\/box-mista-farine-di-grani-antichi-tipo-1-e-tipo-2\/","og_site_name":"Agricola l&#039;olmo","article_modified_time":"2026-03-09T15:36:12+00:00","og_image":[{"width":800,"height":800,"url":"https:\/\/www.agricolalolmo.it\/wp-content\/uploads\/2026\/03\/box-farina-tipo-1-2.jpg","type":"image\/jpeg"}],"twitter_card":"summary_large_image","twitter_misc":{"Tempo di lettura stimato":"1 minuto"},"schema":{"@context":"https:\/\/schema.org","@graph":[{"@type":"WebPage","@id":"https:\/\/www.agricolalolmo.it\/prodotto\/box-mista-farine-di-grani-antichi-tipo-1-e-tipo-2\/","url":"https:\/\/www.agricolalolmo.it\/prodotto\/box-mista-farine-di-grani-antichi-tipo-1-e-tipo-2\/","name":"Box Mista Farine di Grani Antichi Tipo 1 e Tipo 2 | Agricola L\u2019Olmo","isPartOf":{"@id":"https:\/\/www.agricolalolmo.it\/#website"},"primaryImageOfPage":{"@id":"https:\/\/www.agricolalolmo.it\/prodotto\/box-mista-farine-di-grani-antichi-tipo-1-e-tipo-2\/#primaryimage"},"image":{"@id":"https:\/\/www.agricolalolmo.it\/prodotto\/box-mista-farine-di-grani-antichi-tipo-1-e-tipo-2\/#primaryimage"},"thumbnailUrl":"https:\/\/www.agricolalolmo.it\/wp-content\/uploads\/2026\/03\/box-farina-tipo-1-2.jpg","datePublished":"2026-03-09T15:34:25+00:00","dateModified":"2026-03-09T15:36:12+00:00","description":"Box mista con farine di grani antichi tipo 1 e tipo 2 macinate a pietra. Ideali per pane, pasta fresca e dolci dal gusto autentico. Scopri Agricola L\u2019Olmo.","breadcrumb":{"@id":"https:\/\/www.agricolalolmo.it\/prodotto\/box-mista-farine-di-grani-antichi-tipo-1-e-tipo-2\/#breadcrumb"},"inLanguage":"it-IT","potentialAction":[{"@type":"ReadAction","target":["https:\/\/www.agricolalolmo.it\/prodotto\/box-mista-farine-di-grani-antichi-tipo-1-e-tipo-2\/"]}]},{"@type":"ImageObject","inLanguage":"it-IT","@id":"https:\/\/www.agricolalolmo.it\/prodotto\/box-mista-farine-di-grani-antichi-tipo-1-e-tipo-2\/#primaryimage","url":"https:\/\/www.agricolalolmo.it\/wp-content\/uploads\/2026\/03\/box-farina-tipo-1-2.jpg","contentUrl":"https:\/\/www.agricolalolmo.it\/wp-content\/uploads\/2026\/03\/box-farina-tipo-1-2.jpg","width":800,"height":800,"caption":"Box Farina Tipo 1 & 2: Agricola l'Olmo"},{"@type":"BreadcrumbList","@id":"https:\/\/www.agricolalolmo.it\/prodotto\/box-mista-farine-di-grani-antichi-tipo-1-e-tipo-2\/#breadcrumb","itemListElement":[{"@type":"ListItem","position":1,"name":"Home","item":"https:\/\/www.agricolalolmo.it\/"},{"@type":"ListItem","position":2,"name":"Prodotti","item":"https:\/\/www.agricolalolmo.it\/shop\/"},{"@type":"ListItem","position":3,"name":"Box Mista Farine di Grani Antichi \u2013 Tipo 1 e Tipo 2"}]},{"@type":"WebSite","@id":"https:\/\/www.agricolalolmo.it\/#website","url":"https:\/\/www.agricolalolmo.it\/","name":"Agricola l'Olmo","description":"Produttori per natura","publisher":{"@id":"https:\/\/www.agricolalolmo.it\/#organization"},"potentialAction":[{"@type":"SearchAction","target":{"@type":"EntryPoint","urlTemplate":"https:\/\/www.agricolalolmo.it\/?s={search_term_string}"},"query-input":{"@type":"PropertyValueSpecification","valueRequired":true,"valueName":"search_term_string"}}],"inLanguage":"it-IT"},{"@type":"Organization","@id":"https:\/\/www.agricolalolmo.it\/#organization","name":"Agricola l'Olmo","url":"https:\/\/www.agricolalolmo.it\/","logo":{"@type":"ImageObject","inLanguage":"it-IT","@id":"https:\/\/www.agricolalolmo.it\/#\/schema\/logo\/image\/","url":"https:\/\/www.agricolalolmo.it\/wp-content\/uploads\/2025\/04\/logo-positivo.png","contentUrl":"https:\/\/www.agricolalolmo.it\/wp-content\/uploads\/2025\/04\/logo-positivo.png","width":2910,"height":1114,"caption":"Agricola l'Olmo"},"image":{"@id":"https:\/\/www.agricolalolmo.it\/#\/schema\/logo\/image\/"}}]}},"_links":{"self":[{"href":"https:\/\/www.agricolalolmo.it\/it\/wp-json\/wp\/v2\/product\/3019","targetHints":{"allow":["GET"]}}],"collection":[{"href":"https:\/\/www.agricolalolmo.it\/it\/wp-json\/wp\/v2\/product"}],"about":[{"href":"https:\/\/www.agricolalolmo.it\/it\/wp-json\/wp\/v2\/types\/product"}],"replies":[{"embeddable":true,"href":"https:\/\/www.agricolalolmo.it\/it\/wp-json\/wp\/v2\/comments?post=3019"}],"wp:featuredmedia":[{"embeddable":true,"href":"https:\/\/www.agricolalolmo.it\/it\/wp-json\/wp\/v2\/media\/3021"}],"wp:attachment":[{"href":"https:\/\/www.agricolalolmo.it\/it\/wp-json\/wp\/v2\/media?parent=3019"}],"wp:term":[{"taxonomy":"product_brand","embeddable":true,"href":"https:\/\/www.agricolalolmo.it\/it\/wp-json\/wp\/v2\/product_brand?post=3019"},{"taxonomy":"product_cat","embeddable":true,"href":"https:\/\/www.agricolalolmo.it\/it\/wp-json\/wp\/v2\/product_cat?post=3019"},{"taxonomy":"product_tag","embeddable":true,"href":"https:\/\/www.agricolalolmo.it\/it\/wp-json\/wp\/v2\/product_tag?post=3019"}],"curies":[{"name":"wp","href":"https:\/\/api.w.org\/{rel}","templated":true}]}}