{"id":2556,"date":"2025-09-24T09:33:56","date_gmt":"2025-09-24T07:33:56","guid":{"rendered":"https:\/\/www.agricolalolmo.it\/?post_type=product&#038;p=2556"},"modified":"2025-10-01T14:34:48","modified_gmt":"2025-10-01T12:34:48","slug":"succo-di-mirtillo-chandler-720ml","status":"publish","type":"product","link":"https:\/\/www.agricolalolmo.it\/it\/prodotto\/succo-di-mirtillo-chandler-720ml\/","title":{"rendered":"Succo di mirtillo Chandler"},"content":{"rendered":"<p>Il <strong>mirtillo Chandler<\/strong> \u00e8 una delle variet\u00e0 pi\u00f9 apprezzate per il suo frutto dall\u2019<strong>aroma fresco<\/strong> e <strong>leggermente acidulo<\/strong>. Raccolto a mano con cura e trasformato in modo semplice e naturale, d\u00e0 vita a un succo ricco e corposo.<\/p>\n<p>Questa variante <strong>con solo il 3% di zucchero aggiunto \u00e8 pensata per chi ama un gusto pi\u00f9 dolce e armonioso<\/strong>, <strong>con una leggera riduzione della naturale acidit\u00e0 del mirtillo<\/strong>. Senza conservanti n\u00e9 additivi, <strong>mantiene intatte tutte le propriet\u00e0<\/strong> e l\u2019autenticit\u00e0 del frutto fresco.<br \/>\n<strong>Ricco di antiossidanti e vitamine<\/strong>, il succo di mirtillo Chandler con zucchero unisce benessere e piacere, offrendo una <strong>bevanda genuina<\/strong>, <strong>sana<\/strong> e <strong>dal sapore equilibrato<\/strong>. Ogni sorso racchiude la dolcezza naturale del mirtillo e la qualit\u00e0 di un\u2019agricoltura rispettosa della terra.<\/p>\n<p><strong>Ordine minimo due pezzi<\/strong><\/p>\n","protected":false},"excerpt":{"rendered":"<p>Il mirtillo Chandler \u00e8 una delle variet\u00e0 pi\u00f9 apprezzate per il suo frutto dall\u2019aroma fresco e leggermente acidulo. Raccolto a [&hellip;]<\/p>\n","protected":false},"featured_media":2700,"comment_status":"open","ping_status":"closed","template":"","meta":{"site-sidebar-layout":"default","site-content-layout":"","ast-site-content-layout":"default","site-content-style":"default","site-sidebar-style":"default","ast-global-header-display":"","ast-banner-title-visibility":"","ast-main-header-display":"","ast-hfb-above-header-display":"","ast-hfb-below-header-display":"","ast-hfb-mobile-header-display":"","site-post-title":"","ast-breadcrumbs-content":"","ast-featured-img":"","footer-sml-layout":"","ast-disable-related-posts":"","theme-transparent-header-meta":"default","adv-header-id-meta":"","stick-header-meta":"","header-above-stick-meta":"","header-main-stick-meta":"","header-below-stick-meta":"","astra-migrate-meta-layouts":"set","ast-page-background-enabled":"default","ast-page-background-meta":{"desktop":{"background-color":"var(--ast-global-color-4)","background-image":"","background-repeat":"repeat","background-position":"center center","background-size":"auto","background-attachment":"scroll","background-type":"","background-media":"","overlay-type":"","overlay-color":"","overlay-opacity":"","overlay-gradient":""},"tablet":{"background-color":"","background-image":"","background-repeat":"repeat","background-position":"center center","background-size":"auto","background-attachment":"scroll","background-type":"","background-media":"","overlay-type":"","overlay-color":"","overlay-opacity":"","overlay-gradient":""},"mobile":{"background-color":"","background-image":"","background-repeat":"repeat","background-position":"center center","background-size":"auto","background-attachment":"scroll","background-type":"","background-media":"","overlay-type":"","overlay-color":"","overlay-opacity":"","overlay-gradient":""}},"ast-content-background-meta":{"desktop":{"background-color":"var(--ast-global-color-5)","background-image":"","background-repeat":"repeat","background-position":"center center","background-size":"auto","background-attachment":"scroll","background-type":"","background-media":"","overlay-type":"","overlay-color":"","overlay-opacity":"","overlay-gradient":""},"tablet":{"background-color":"var(--ast-global-color-5)","background-image":"","background-repeat":"repeat","background-position":"center center","background-size":"auto","background-attachment":"scroll","background-type":"","background-media":"","overlay-type":"","overlay-color":"","overlay-opacity":"","overlay-gradient":""},"mobile":{"background-color":"var(--ast-global-color-5)","background-image":"","background-repeat":"repeat","background-position":"center center","background-size":"auto","background-attachment":"scroll","background-type":"","background-media":"","overlay-type":"","overlay-color":"","overlay-opacity":"","overlay-gradient":""}}},"product_brand":[],"product_cat":[20],"product_tag":[],"class_list":{"0":"post-2556","1":"product","2":"type-product","3":"status-publish","4":"has-post-thumbnail","6":"product_cat-succhi-di-frutta","7":"desktop-align-left","8":"tablet-align-left","9":"mobile-align-left","11":"first","12":"instock","13":"shipping-taxable","14":"purchasable","15":"product-type-variable"},"yoast_head":"<!-- This site is optimized with the Yoast SEO plugin v27.1.1 - https:\/\/yoast.com\/product\/yoast-seo-wordpress\/ -->\n<title>Succo di mirtillo Chandler | Agricola l&#039;olmo<\/title>\n<meta name=\"robots\" content=\"index, follow, max-snippet:-1, max-image-preview:large, max-video-preview:-1\" \/>\n<link rel=\"canonical\" href=\"https:\/\/www.agricolalolmo.it\/it\/prodotto\/succo-di-mirtillo-chandler-720ml\/\" \/>\n<meta property=\"og:locale\" content=\"it_IT\" \/>\n<meta property=\"og:type\" content=\"article\" \/>\n<meta property=\"og:title\" content=\"Succo di mirtillo Chandler | Agricola l&#039;olmo\" \/>\n<meta property=\"og:description\" content=\"Il mirtillo Chandler \u00e8 una delle variet\u00e0 pi\u00f9 apprezzate per il suo frutto dall\u2019aroma fresco e leggermente acidulo. Raccolto a [&hellip;]\" \/>\n<meta property=\"og:url\" content=\"https:\/\/www.agricolalolmo.it\/it\/prodotto\/succo-di-mirtillo-chandler-720ml\/\" \/>\n<meta property=\"og:site_name\" content=\"Agricola l&#039;olmo\" \/>\n<meta property=\"article:modified_time\" content=\"2025-10-01T12:34:48+00:00\" \/>\n<meta property=\"og:image\" content=\"https:\/\/www.agricolalolmo.it\/wp-content\/uploads\/2025\/09\/succo-mirtillo-chandler-720_fronte.jpg\" \/>\n\t<meta property=\"og:image:width\" content=\"800\" \/>\n\t<meta property=\"og:image:height\" content=\"800\" \/>\n\t<meta property=\"og:image:type\" content=\"image\/jpeg\" \/>\n<meta name=\"twitter:card\" content=\"summary_large_image\" \/>\n<meta name=\"twitter:label1\" content=\"Tempo di lettura stimato\" \/>\n\t<meta name=\"twitter:data1\" content=\"1 minuto\" \/>\n<script type=\"application\/ld+json\" class=\"yoast-schema-graph\">{\"@context\":\"https:\/\/schema.org\",\"@graph\":[{\"@type\":\"WebPage\",\"@id\":\"https:\/\/www.agricolalolmo.it\/prodotto\/succo-di-mirtillo-chandler-720ml\/\",\"url\":\"https:\/\/www.agricolalolmo.it\/prodotto\/succo-di-mirtillo-chandler-720ml\/\",\"name\":\"Succo di mirtillo Chandler | Agricola l&#039;olmo\",\"isPartOf\":{\"@id\":\"https:\/\/www.agricolalolmo.it\/#website\"},\"primaryImageOfPage\":{\"@id\":\"https:\/\/www.agricolalolmo.it\/prodotto\/succo-di-mirtillo-chandler-720ml\/#primaryimage\"},\"image\":{\"@id\":\"https:\/\/www.agricolalolmo.it\/prodotto\/succo-di-mirtillo-chandler-720ml\/#primaryimage\"},\"thumbnailUrl\":\"https:\/\/www.agricolalolmo.it\/wp-content\/uploads\/2025\/09\/succo-mirtillo-chandler-720_fronte.jpg\",\"datePublished\":\"2025-09-24T07:33:56+00:00\",\"dateModified\":\"2025-10-01T12:34:48+00:00\",\"breadcrumb\":{\"@id\":\"https:\/\/www.agricolalolmo.it\/prodotto\/succo-di-mirtillo-chandler-720ml\/#breadcrumb\"},\"inLanguage\":\"it-IT\",\"potentialAction\":[{\"@type\":\"ReadAction\",\"target\":[\"https:\/\/www.agricolalolmo.it\/prodotto\/succo-di-mirtillo-chandler-720ml\/\"]}]},{\"@type\":\"ImageObject\",\"inLanguage\":\"it-IT\",\"@id\":\"https:\/\/www.agricolalolmo.it\/prodotto\/succo-di-mirtillo-chandler-720ml\/#primaryimage\",\"url\":\"https:\/\/www.agricolalolmo.it\/wp-content\/uploads\/2025\/09\/succo-mirtillo-chandler-720_fronte.jpg\",\"contentUrl\":\"https:\/\/www.agricolalolmo.it\/wp-content\/uploads\/2025\/09\/succo-mirtillo-chandler-720_fronte.jpg\",\"width\":800,\"height\":800,\"caption\":\"Succo di mirtillo Chandler - 720ml fronte\"},{\"@type\":\"BreadcrumbList\",\"@id\":\"https:\/\/www.agricolalolmo.it\/prodotto\/succo-di-mirtillo-chandler-720ml\/#breadcrumb\",\"itemListElement\":[{\"@type\":\"ListItem\",\"position\":1,\"name\":\"Home\",\"item\":\"https:\/\/www.agricolalolmo.it\/\"},{\"@type\":\"ListItem\",\"position\":2,\"name\":\"Prodotti\",\"item\":\"https:\/\/www.agricolalolmo.it\/shop\/\"},{\"@type\":\"ListItem\",\"position\":3,\"name\":\"Succo di mirtillo Chandler\"}]},{\"@type\":\"WebSite\",\"@id\":\"https:\/\/www.agricolalolmo.it\/#website\",\"url\":\"https:\/\/www.agricolalolmo.it\/\",\"name\":\"Agricola l'Olmo\",\"description\":\"Produttori per natura\",\"publisher\":{\"@id\":\"https:\/\/www.agricolalolmo.it\/#organization\"},\"potentialAction\":[{\"@type\":\"SearchAction\",\"target\":{\"@type\":\"EntryPoint\",\"urlTemplate\":\"https:\/\/www.agricolalolmo.it\/?s={search_term_string}\"},\"query-input\":{\"@type\":\"PropertyValueSpecification\",\"valueRequired\":true,\"valueName\":\"search_term_string\"}}],\"inLanguage\":\"it-IT\"},{\"@type\":\"Organization\",\"@id\":\"https:\/\/www.agricolalolmo.it\/#organization\",\"name\":\"Agricola l'Olmo\",\"url\":\"https:\/\/www.agricolalolmo.it\/\",\"logo\":{\"@type\":\"ImageObject\",\"inLanguage\":\"it-IT\",\"@id\":\"https:\/\/www.agricolalolmo.it\/#\/schema\/logo\/image\/\",\"url\":\"https:\/\/www.agricolalolmo.it\/wp-content\/uploads\/2025\/04\/logo-positivo.png\",\"contentUrl\":\"https:\/\/www.agricolalolmo.it\/wp-content\/uploads\/2025\/04\/logo-positivo.png\",\"width\":2910,\"height\":1114,\"caption\":\"Agricola l'Olmo\"},\"image\":{\"@id\":\"https:\/\/www.agricolalolmo.it\/#\/schema\/logo\/image\/\"}}]}<\/script>\n<!-- \/ Yoast SEO plugin. -->","yoast_head_json":{"title":"Succo di mirtillo Chandler | Agricola l&#039;olmo","robots":{"index":"index","follow":"follow","max-snippet":"max-snippet:-1","max-image-preview":"max-image-preview:large","max-video-preview":"max-video-preview:-1"},"canonical":"https:\/\/www.agricolalolmo.it\/it\/prodotto\/succo-di-mirtillo-chandler-720ml\/","og_locale":"it_IT","og_type":"article","og_title":"Succo di mirtillo Chandler | Agricola l&#039;olmo","og_description":"Il mirtillo Chandler \u00e8 una delle variet\u00e0 pi\u00f9 apprezzate per il suo frutto dall\u2019aroma fresco e leggermente acidulo. Raccolto a [&hellip;]","og_url":"https:\/\/www.agricolalolmo.it\/it\/prodotto\/succo-di-mirtillo-chandler-720ml\/","og_site_name":"Agricola l&#039;olmo","article_modified_time":"2025-10-01T12:34:48+00:00","og_image":[{"width":800,"height":800,"url":"https:\/\/www.agricolalolmo.it\/wp-content\/uploads\/2025\/09\/succo-mirtillo-chandler-720_fronte.jpg","type":"image\/jpeg"}],"twitter_card":"summary_large_image","twitter_misc":{"Tempo di lettura stimato":"1 minuto"},"schema":{"@context":"https:\/\/schema.org","@graph":[{"@type":"WebPage","@id":"https:\/\/www.agricolalolmo.it\/prodotto\/succo-di-mirtillo-chandler-720ml\/","url":"https:\/\/www.agricolalolmo.it\/prodotto\/succo-di-mirtillo-chandler-720ml\/","name":"Succo di mirtillo Chandler | Agricola l&#039;olmo","isPartOf":{"@id":"https:\/\/www.agricolalolmo.it\/#website"},"primaryImageOfPage":{"@id":"https:\/\/www.agricolalolmo.it\/prodotto\/succo-di-mirtillo-chandler-720ml\/#primaryimage"},"image":{"@id":"https:\/\/www.agricolalolmo.it\/prodotto\/succo-di-mirtillo-chandler-720ml\/#primaryimage"},"thumbnailUrl":"https:\/\/www.agricolalolmo.it\/wp-content\/uploads\/2025\/09\/succo-mirtillo-chandler-720_fronte.jpg","datePublished":"2025-09-24T07:33:56+00:00","dateModified":"2025-10-01T12:34:48+00:00","breadcrumb":{"@id":"https:\/\/www.agricolalolmo.it\/prodotto\/succo-di-mirtillo-chandler-720ml\/#breadcrumb"},"inLanguage":"it-IT","potentialAction":[{"@type":"ReadAction","target":["https:\/\/www.agricolalolmo.it\/prodotto\/succo-di-mirtillo-chandler-720ml\/"]}]},{"@type":"ImageObject","inLanguage":"it-IT","@id":"https:\/\/www.agricolalolmo.it\/prodotto\/succo-di-mirtillo-chandler-720ml\/#primaryimage","url":"https:\/\/www.agricolalolmo.it\/wp-content\/uploads\/2025\/09\/succo-mirtillo-chandler-720_fronte.jpg","contentUrl":"https:\/\/www.agricolalolmo.it\/wp-content\/uploads\/2025\/09\/succo-mirtillo-chandler-720_fronte.jpg","width":800,"height":800,"caption":"Succo di mirtillo Chandler - 720ml fronte"},{"@type":"BreadcrumbList","@id":"https:\/\/www.agricolalolmo.it\/prodotto\/succo-di-mirtillo-chandler-720ml\/#breadcrumb","itemListElement":[{"@type":"ListItem","position":1,"name":"Home","item":"https:\/\/www.agricolalolmo.it\/"},{"@type":"ListItem","position":2,"name":"Prodotti","item":"https:\/\/www.agricolalolmo.it\/shop\/"},{"@type":"ListItem","position":3,"name":"Succo di mirtillo Chandler"}]},{"@type":"WebSite","@id":"https:\/\/www.agricolalolmo.it\/#website","url":"https:\/\/www.agricolalolmo.it\/","name":"Agricola l'Olmo","description":"Produttori per natura","publisher":{"@id":"https:\/\/www.agricolalolmo.it\/#organization"},"potentialAction":[{"@type":"SearchAction","target":{"@type":"EntryPoint","urlTemplate":"https:\/\/www.agricolalolmo.it\/?s={search_term_string}"},"query-input":{"@type":"PropertyValueSpecification","valueRequired":true,"valueName":"search_term_string"}}],"inLanguage":"it-IT"},{"@type":"Organization","@id":"https:\/\/www.agricolalolmo.it\/#organization","name":"Agricola l'Olmo","url":"https:\/\/www.agricolalolmo.it\/","logo":{"@type":"ImageObject","inLanguage":"it-IT","@id":"https:\/\/www.agricolalolmo.it\/#\/schema\/logo\/image\/","url":"https:\/\/www.agricolalolmo.it\/wp-content\/uploads\/2025\/04\/logo-positivo.png","contentUrl":"https:\/\/www.agricolalolmo.it\/wp-content\/uploads\/2025\/04\/logo-positivo.png","width":2910,"height":1114,"caption":"Agricola l'Olmo"},"image":{"@id":"https:\/\/www.agricolalolmo.it\/#\/schema\/logo\/image\/"}}]}},"_links":{"self":[{"href":"https:\/\/www.agricolalolmo.it\/it\/wp-json\/wp\/v2\/product\/2556","targetHints":{"allow":["GET"]}}],"collection":[{"href":"https:\/\/www.agricolalolmo.it\/it\/wp-json\/wp\/v2\/product"}],"about":[{"href":"https:\/\/www.agricolalolmo.it\/it\/wp-json\/wp\/v2\/types\/product"}],"replies":[{"embeddable":true,"href":"https:\/\/www.agricolalolmo.it\/it\/wp-json\/wp\/v2\/comments?post=2556"}],"wp:featuredmedia":[{"embeddable":true,"href":"https:\/\/www.agricolalolmo.it\/it\/wp-json\/wp\/v2\/media\/2700"}],"wp:attachment":[{"href":"https:\/\/www.agricolalolmo.it\/it\/wp-json\/wp\/v2\/media?parent=2556"}],"wp:term":[{"taxonomy":"product_brand","embeddable":true,"href":"https:\/\/www.agricolalolmo.it\/it\/wp-json\/wp\/v2\/product_brand?post=2556"},{"taxonomy":"product_cat","embeddable":true,"href":"https:\/\/www.agricolalolmo.it\/it\/wp-json\/wp\/v2\/product_cat?post=2556"},{"taxonomy":"product_tag","embeddable":true,"href":"https:\/\/www.agricolalolmo.it\/it\/wp-json\/wp\/v2\/product_tag?post=2556"}],"curies":[{"name":"wp","href":"https:\/\/api.w.org\/{rel}","templated":true}]}}