{"id":2530,"date":"2025-09-22T16:09:00","date_gmt":"2025-09-22T14:09:00","guid":{"rendered":"https:\/\/www.agricolalolmo.it\/?post_type=product&#038;p=2530"},"modified":"2025-10-01T16:57:19","modified_gmt":"2025-10-01T14:57:19","slug":"box-succo-di-pera-piccolo-200ml","status":"publish","type":"product","link":"https:\/\/www.agricolalolmo.it\/it\/prodotto\/box-succo-di-pera-piccolo-200ml\/","title":{"rendered":"Box succo di pera piccolo"},"content":{"rendered":"<p><strong>Un formato pratico e sempre a portata di mano per gustare tutta la dolcezza naturale della pera<\/strong>. La nostra box contiene <strong>8 bottigliette da 200ml<\/strong> di succo di pera artigianale, ideali per la colazione, la merenda o come bevanda sana da portare con s\u00e9 durante la giornata.<\/p>\n<p>Il nostro succo di pera naturale nasce da pere coltivate nei nostri frutteti, raccolte a mano al giusto grado di maturazione e trasformate con metodi semplici e rispettosi della frutta. Senza conservanti n\u00e9 additivi, conserva la freschezza, il profumo e il gusto vellutato del frutto appena colto.<\/p>\n<p><strong>Ricco di vitamine<\/strong> e <strong>naturalmente dolce<\/strong>, il succo di pera \u00e8 amato da grandi e bambini ed \u00e8 perfetto per chi desidera una bevanda genuina, sana e sempre pronta da bere.<br \/>\nLa box da 8 bottigliette da 200ml \u00e8 la scelta ideale per famiglie e <strong>per chi cerca praticit\u00e0 senza rinunciare alla qualit\u00e0<\/strong>.<\/p>\n","protected":false},"excerpt":{"rendered":"<p>Un formato pratico e sempre a portata di mano per gustare tutta la dolcezza naturale della pera. La nostra box [&hellip;]<\/p>\n","protected":false},"featured_media":2957,"comment_status":"open","ping_status":"closed","template":"","meta":{"site-sidebar-layout":"default","site-content-layout":"","ast-site-content-layout":"default","site-content-style":"default","site-sidebar-style":"default","ast-global-header-display":"","ast-banner-title-visibility":"","ast-main-header-display":"","ast-hfb-above-header-display":"","ast-hfb-below-header-display":"","ast-hfb-mobile-header-display":"","site-post-title":"","ast-breadcrumbs-content":"","ast-featured-img":"","footer-sml-layout":"","ast-disable-related-posts":"","theme-transparent-header-meta":"default","adv-header-id-meta":"","stick-header-meta":"","header-above-stick-meta":"","header-main-stick-meta":"","header-below-stick-meta":"","astra-migrate-meta-layouts":"set","ast-page-background-enabled":"default","ast-page-background-meta":{"desktop":{"background-color":"var(--ast-global-color-4)","background-image":"","background-repeat":"repeat","background-position":"center center","background-size":"auto","background-attachment":"scroll","background-type":"","background-media":"","overlay-type":"","overlay-color":"","overlay-opacity":"","overlay-gradient":""},"tablet":{"background-color":"","background-image":"","background-repeat":"repeat","background-position":"center center","background-size":"auto","background-attachment":"scroll","background-type":"","background-media":"","overlay-type":"","overlay-color":"","overlay-opacity":"","overlay-gradient":""},"mobile":{"background-color":"","background-image":"","background-repeat":"repeat","background-position":"center center","background-size":"auto","background-attachment":"scroll","background-type":"","background-media":"","overlay-type":"","overlay-color":"","overlay-opacity":"","overlay-gradient":""}},"ast-content-background-meta":{"desktop":{"background-color":"var(--ast-global-color-5)","background-image":"","background-repeat":"repeat","background-position":"center center","background-size":"auto","background-attachment":"scroll","background-type":"","background-media":"","overlay-type":"","overlay-color":"","overlay-opacity":"","overlay-gradient":""},"tablet":{"background-color":"var(--ast-global-color-5)","background-image":"","background-repeat":"repeat","background-position":"center center","background-size":"auto","background-attachment":"scroll","background-type":"","background-media":"","overlay-type":"","overlay-color":"","overlay-opacity":"","overlay-gradient":""},"mobile":{"background-color":"var(--ast-global-color-5)","background-image":"","background-repeat":"repeat","background-position":"center center","background-size":"auto","background-attachment":"scroll","background-type":"","background-media":"","overlay-type":"","overlay-color":"","overlay-opacity":"","overlay-gradient":""}}},"product_brand":[],"product_cat":[33,20],"product_tag":[],"class_list":{"0":"post-2530","1":"product","2":"type-product","3":"status-publish","4":"has-post-thumbnail","6":"product_cat-box-succhi","7":"product_cat-succhi-di-frutta","8":"desktop-align-left","9":"tablet-align-left","10":"mobile-align-left","12":"first","13":"instock","14":"shipping-taxable","15":"purchasable","16":"product-type-simple"},"yoast_head":"<!-- This site is optimized with the Yoast SEO plugin v27.1.1 - https:\/\/yoast.com\/product\/yoast-seo-wordpress\/ -->\n<title>Box Succo di Pera 200ml | Agricola L\u2019Olmo<\/title>\n<meta name=\"description\" content=\"Box con 8 succhi di pera da 200ml, 100% naturali, senza conservanti. Gusto dolce, vellutato e genuino, perfetto per grandi e bambini.\" \/>\n<meta name=\"robots\" content=\"index, follow, max-snippet:-1, max-image-preview:large, max-video-preview:-1\" \/>\n<link rel=\"canonical\" href=\"https:\/\/www.agricolalolmo.it\/it\/prodotto\/box-succo-di-pera-piccolo-200ml\/\" \/>\n<meta property=\"og:locale\" content=\"it_IT\" \/>\n<meta property=\"og:type\" content=\"article\" \/>\n<meta property=\"og:title\" content=\"Box Succo di Pera 200ml | Agricola L\u2019Olmo\" \/>\n<meta property=\"og:description\" content=\"Box con 8 succhi di pera da 200ml, 100% naturali, senza conservanti. Gusto dolce, vellutato e genuino, perfetto per grandi e bambini.\" \/>\n<meta property=\"og:url\" content=\"https:\/\/www.agricolalolmo.it\/it\/prodotto\/box-succo-di-pera-piccolo-200ml\/\" \/>\n<meta property=\"og:site_name\" content=\"Agricola l&#039;olmo\" \/>\n<meta property=\"article:modified_time\" content=\"2025-10-01T14:57:19+00:00\" \/>\n<meta property=\"og:image\" content=\"https:\/\/www.agricolalolmo.it\/wp-content\/uploads\/2025\/09\/box-succo-pera-piccolo.png\" \/>\n\t<meta property=\"og:image:width\" content=\"800\" \/>\n\t<meta property=\"og:image:height\" content=\"800\" \/>\n\t<meta property=\"og:image:type\" content=\"image\/png\" \/>\n<meta name=\"twitter:card\" content=\"summary_large_image\" \/>\n<meta name=\"twitter:label1\" content=\"Tempo di lettura stimato\" \/>\n\t<meta name=\"twitter:data1\" content=\"1 minuto\" \/>\n<script type=\"application\/ld+json\" class=\"yoast-schema-graph\">{\"@context\":\"https:\/\/schema.org\",\"@graph\":[{\"@type\":\"WebPage\",\"@id\":\"https:\/\/www.agricolalolmo.it\/prodotto\/box-succo-di-pera-piccolo-200ml\/\",\"url\":\"https:\/\/www.agricolalolmo.it\/prodotto\/box-succo-di-pera-piccolo-200ml\/\",\"name\":\"Box Succo di Pera 200ml | Agricola L\u2019Olmo\",\"isPartOf\":{\"@id\":\"https:\/\/www.agricolalolmo.it\/#website\"},\"primaryImageOfPage\":{\"@id\":\"https:\/\/www.agricolalolmo.it\/prodotto\/box-succo-di-pera-piccolo-200ml\/#primaryimage\"},\"image\":{\"@id\":\"https:\/\/www.agricolalolmo.it\/prodotto\/box-succo-di-pera-piccolo-200ml\/#primaryimage\"},\"thumbnailUrl\":\"https:\/\/www.agricolalolmo.it\/wp-content\/uploads\/2025\/09\/box-succo-pera-piccolo.png\",\"datePublished\":\"2025-09-22T14:09:00+00:00\",\"dateModified\":\"2025-10-01T14:57:19+00:00\",\"description\":\"Box con 8 succhi di pera da 200ml, 100% naturali, senza conservanti. Gusto dolce, vellutato e genuino, perfetto per grandi e bambini.\",\"breadcrumb\":{\"@id\":\"https:\/\/www.agricolalolmo.it\/prodotto\/box-succo-di-pera-piccolo-200ml\/#breadcrumb\"},\"inLanguage\":\"it-IT\",\"potentialAction\":[{\"@type\":\"ReadAction\",\"target\":[\"https:\/\/www.agricolalolmo.it\/prodotto\/box-succo-di-pera-piccolo-200ml\/\"]}]},{\"@type\":\"ImageObject\",\"inLanguage\":\"it-IT\",\"@id\":\"https:\/\/www.agricolalolmo.it\/prodotto\/box-succo-di-pera-piccolo-200ml\/#primaryimage\",\"url\":\"https:\/\/www.agricolalolmo.it\/wp-content\/uploads\/2025\/09\/box-succo-pera-piccolo.png\",\"contentUrl\":\"https:\/\/www.agricolalolmo.it\/wp-content\/uploads\/2025\/09\/box-succo-pera-piccolo.png\",\"width\":800,\"height\":800,\"caption\":\"Box succo di pera piccolo - 200ml\"},{\"@type\":\"BreadcrumbList\",\"@id\":\"https:\/\/www.agricolalolmo.it\/prodotto\/box-succo-di-pera-piccolo-200ml\/#breadcrumb\",\"itemListElement\":[{\"@type\":\"ListItem\",\"position\":1,\"name\":\"Home\",\"item\":\"https:\/\/www.agricolalolmo.it\/\"},{\"@type\":\"ListItem\",\"position\":2,\"name\":\"Prodotti\",\"item\":\"https:\/\/www.agricolalolmo.it\/shop\/\"},{\"@type\":\"ListItem\",\"position\":3,\"name\":\"Box succo di pera piccolo\"}]},{\"@type\":\"WebSite\",\"@id\":\"https:\/\/www.agricolalolmo.it\/#website\",\"url\":\"https:\/\/www.agricolalolmo.it\/\",\"name\":\"Agricola l'Olmo\",\"description\":\"Produttori per natura\",\"publisher\":{\"@id\":\"https:\/\/www.agricolalolmo.it\/#organization\"},\"potentialAction\":[{\"@type\":\"SearchAction\",\"target\":{\"@type\":\"EntryPoint\",\"urlTemplate\":\"https:\/\/www.agricolalolmo.it\/?s={search_term_string}\"},\"query-input\":{\"@type\":\"PropertyValueSpecification\",\"valueRequired\":true,\"valueName\":\"search_term_string\"}}],\"inLanguage\":\"it-IT\"},{\"@type\":\"Organization\",\"@id\":\"https:\/\/www.agricolalolmo.it\/#organization\",\"name\":\"Agricola l'Olmo\",\"url\":\"https:\/\/www.agricolalolmo.it\/\",\"logo\":{\"@type\":\"ImageObject\",\"inLanguage\":\"it-IT\",\"@id\":\"https:\/\/www.agricolalolmo.it\/#\/schema\/logo\/image\/\",\"url\":\"https:\/\/www.agricolalolmo.it\/wp-content\/uploads\/2025\/04\/logo-positivo.png\",\"contentUrl\":\"https:\/\/www.agricolalolmo.it\/wp-content\/uploads\/2025\/04\/logo-positivo.png\",\"width\":2910,\"height\":1114,\"caption\":\"Agricola l'Olmo\"},\"image\":{\"@id\":\"https:\/\/www.agricolalolmo.it\/#\/schema\/logo\/image\/\"}}]}<\/script>\n<!-- \/ Yoast SEO plugin. -->","yoast_head_json":{"title":"Box Succo di Pera 200ml | Agricola L\u2019Olmo","description":"Box con 8 succhi di pera da 200ml, 100% naturali, senza conservanti. Gusto dolce, vellutato e genuino, perfetto per grandi e bambini.","robots":{"index":"index","follow":"follow","max-snippet":"max-snippet:-1","max-image-preview":"max-image-preview:large","max-video-preview":"max-video-preview:-1"},"canonical":"https:\/\/www.agricolalolmo.it\/it\/prodotto\/box-succo-di-pera-piccolo-200ml\/","og_locale":"it_IT","og_type":"article","og_title":"Box Succo di Pera 200ml | Agricola L\u2019Olmo","og_description":"Box con 8 succhi di pera da 200ml, 100% naturali, senza conservanti. Gusto dolce, vellutato e genuino, perfetto per grandi e bambini.","og_url":"https:\/\/www.agricolalolmo.it\/it\/prodotto\/box-succo-di-pera-piccolo-200ml\/","og_site_name":"Agricola l&#039;olmo","article_modified_time":"2025-10-01T14:57:19+00:00","og_image":[{"width":800,"height":800,"url":"https:\/\/www.agricolalolmo.it\/wp-content\/uploads\/2025\/09\/box-succo-pera-piccolo.png","type":"image\/png"}],"twitter_card":"summary_large_image","twitter_misc":{"Tempo di lettura stimato":"1 minuto"},"schema":{"@context":"https:\/\/schema.org","@graph":[{"@type":"WebPage","@id":"https:\/\/www.agricolalolmo.it\/prodotto\/box-succo-di-pera-piccolo-200ml\/","url":"https:\/\/www.agricolalolmo.it\/prodotto\/box-succo-di-pera-piccolo-200ml\/","name":"Box Succo di Pera 200ml | Agricola L\u2019Olmo","isPartOf":{"@id":"https:\/\/www.agricolalolmo.it\/#website"},"primaryImageOfPage":{"@id":"https:\/\/www.agricolalolmo.it\/prodotto\/box-succo-di-pera-piccolo-200ml\/#primaryimage"},"image":{"@id":"https:\/\/www.agricolalolmo.it\/prodotto\/box-succo-di-pera-piccolo-200ml\/#primaryimage"},"thumbnailUrl":"https:\/\/www.agricolalolmo.it\/wp-content\/uploads\/2025\/09\/box-succo-pera-piccolo.png","datePublished":"2025-09-22T14:09:00+00:00","dateModified":"2025-10-01T14:57:19+00:00","description":"Box con 8 succhi di pera da 200ml, 100% naturali, senza conservanti. Gusto dolce, vellutato e genuino, perfetto per grandi e bambini.","breadcrumb":{"@id":"https:\/\/www.agricolalolmo.it\/prodotto\/box-succo-di-pera-piccolo-200ml\/#breadcrumb"},"inLanguage":"it-IT","potentialAction":[{"@type":"ReadAction","target":["https:\/\/www.agricolalolmo.it\/prodotto\/box-succo-di-pera-piccolo-200ml\/"]}]},{"@type":"ImageObject","inLanguage":"it-IT","@id":"https:\/\/www.agricolalolmo.it\/prodotto\/box-succo-di-pera-piccolo-200ml\/#primaryimage","url":"https:\/\/www.agricolalolmo.it\/wp-content\/uploads\/2025\/09\/box-succo-pera-piccolo.png","contentUrl":"https:\/\/www.agricolalolmo.it\/wp-content\/uploads\/2025\/09\/box-succo-pera-piccolo.png","width":800,"height":800,"caption":"Box succo di pera piccolo - 200ml"},{"@type":"BreadcrumbList","@id":"https:\/\/www.agricolalolmo.it\/prodotto\/box-succo-di-pera-piccolo-200ml\/#breadcrumb","itemListElement":[{"@type":"ListItem","position":1,"name":"Home","item":"https:\/\/www.agricolalolmo.it\/"},{"@type":"ListItem","position":2,"name":"Prodotti","item":"https:\/\/www.agricolalolmo.it\/shop\/"},{"@type":"ListItem","position":3,"name":"Box succo di pera piccolo"}]},{"@type":"WebSite","@id":"https:\/\/www.agricolalolmo.it\/#website","url":"https:\/\/www.agricolalolmo.it\/","name":"Agricola l'Olmo","description":"Produttori per natura","publisher":{"@id":"https:\/\/www.agricolalolmo.it\/#organization"},"potentialAction":[{"@type":"SearchAction","target":{"@type":"EntryPoint","urlTemplate":"https:\/\/www.agricolalolmo.it\/?s={search_term_string}"},"query-input":{"@type":"PropertyValueSpecification","valueRequired":true,"valueName":"search_term_string"}}],"inLanguage":"it-IT"},{"@type":"Organization","@id":"https:\/\/www.agricolalolmo.it\/#organization","name":"Agricola l'Olmo","url":"https:\/\/www.agricolalolmo.it\/","logo":{"@type":"ImageObject","inLanguage":"it-IT","@id":"https:\/\/www.agricolalolmo.it\/#\/schema\/logo\/image\/","url":"https:\/\/www.agricolalolmo.it\/wp-content\/uploads\/2025\/04\/logo-positivo.png","contentUrl":"https:\/\/www.agricolalolmo.it\/wp-content\/uploads\/2025\/04\/logo-positivo.png","width":2910,"height":1114,"caption":"Agricola l'Olmo"},"image":{"@id":"https:\/\/www.agricolalolmo.it\/#\/schema\/logo\/image\/"}}]}},"_links":{"self":[{"href":"https:\/\/www.agricolalolmo.it\/it\/wp-json\/wp\/v2\/product\/2530","targetHints":{"allow":["GET"]}}],"collection":[{"href":"https:\/\/www.agricolalolmo.it\/it\/wp-json\/wp\/v2\/product"}],"about":[{"href":"https:\/\/www.agricolalolmo.it\/it\/wp-json\/wp\/v2\/types\/product"}],"replies":[{"embeddable":true,"href":"https:\/\/www.agricolalolmo.it\/it\/wp-json\/wp\/v2\/comments?post=2530"}],"wp:featuredmedia":[{"embeddable":true,"href":"https:\/\/www.agricolalolmo.it\/it\/wp-json\/wp\/v2\/media\/2957"}],"wp:attachment":[{"href":"https:\/\/www.agricolalolmo.it\/it\/wp-json\/wp\/v2\/media?parent=2530"}],"wp:term":[{"taxonomy":"product_brand","embeddable":true,"href":"https:\/\/www.agricolalolmo.it\/it\/wp-json\/wp\/v2\/product_brand?post=2530"},{"taxonomy":"product_cat","embeddable":true,"href":"https:\/\/www.agricolalolmo.it\/it\/wp-json\/wp\/v2\/product_cat?post=2530"},{"taxonomy":"product_tag","embeddable":true,"href":"https:\/\/www.agricolalolmo.it\/it\/wp-json\/wp\/v2\/product_tag?post=2530"}],"curies":[{"name":"wp","href":"https:\/\/api.w.org\/{rel}","templated":true}]}}